{"id":1416,"date":"2024-04-09T13:51:08","date_gmt":"2024-04-09T18:51:08","guid":{"rendered":"https:\/\/lomasaltas.edu.mx\/?page_id=1416"},"modified":"2024-04-17T13:50:54","modified_gmt":"2024-04-17T18:50:54","slug":"hiring","status":"publish","type":"page","link":"https:\/\/lomasaltas.edu.mx\/es\/hiring\/","title":{"rendered":""},"content":{"rendered":"<div data-elementor-type=\"wp-page\" data-elementor-id=\"1416\" class=\"elementor elementor-1416\">\n\t\t\t\t\t\t<section class=\"elementor-section elementor-top-section elementor-element elementor-element-38d027b elementor-section-height-min-height elementor-section-boxed elementor-section-height-default elementor-section-items-middle\" data-id=\"38d027b\" data-element_type=\"section\" data-e-type=\"section\" data-settings=\"{&quot;background_background&quot;:&quot;classic&quot;}\">\n\t\t\t\t\t\t<div class=\"elementor-container elementor-column-gap-default\">\n\t\t\t\t\t<div class=\"elementor-column elementor-col-100 elementor-top-column elementor-element elementor-element-d7a3473\" data-id=\"d7a3473\" data-element_type=\"column\" data-e-type=\"column\">\n\t\t\t<div class=\"elementor-widget-wrap elementor-element-populated\">\n\t\t\t\t\t\t<div class=\"elementor-element elementor-element-b5edb0b elementor-widget elementor-widget-heading\" data-id=\"b5edb0b\" data-element_type=\"widget\" data-e-type=\"widget\" data-widget_type=\"heading.default\">\n\t\t\t\t<div class=\"elementor-widget-container\">\n\t\t\t\t\t<h2 class=\"elementor-heading-title elementor-size-default\">\u00daNETE<\/h2>\t\t\t\t<\/div>\n\t\t\t\t<\/div>\n\t\t\t\t\t<\/div>\n\t\t<\/div>\n\t\t\t\t\t<\/div>\n\t\t<\/section>\n\t\t\t\t<section class=\"elementor-section elementor-top-section elementor-element elementor-element-114bef1 elementor-section-boxed elementor-section-height-default elementor-section-height-default\" data-id=\"114bef1\" data-element_type=\"section\" data-e-type=\"section\" data-settings=\"{&quot;background_background&quot;:&quot;classic&quot;}\">\n\t\t\t\t\t\t<div class=\"elementor-container elementor-column-gap-default\">\n\t\t\t\t\t<div class=\"elementor-column elementor-col-100 elementor-top-column elementor-element elementor-element-27bb503\" data-id=\"27bb503\" data-element_type=\"column\" data-e-type=\"column\">\n\t\t\t<div class=\"elementor-widget-wrap elementor-element-populated\">\n\t\t\t\t\t\t<div class=\"elementor-element elementor-element-d290e9c elementor-widget elementor-widget-text-editor\" data-id=\"d290e9c\" data-element_type=\"widget\" data-e-type=\"widget\" data-widget_type=\"text-editor.default\">\n\t\t\t\t<div class=\"elementor-widget-container\">\n\t\t\t\t\t\t\t\t\t<p>\u00a1\u00danete a nuestro equipo en Escuela Lomas Altas!\u00a0<\/p><p>\u00bfEres apasionado\/a por la educaci\u00f3n y te interesa moldear las mentes del ma\u00f1ana? Estamos buscando a personas entusiastas y din\u00e1micas para unirse a nuestro equipo.<\/p><p>Puestos: Maestro\/a y Asistentes de Maestro\/a<br \/>Ubicaci\u00f3n: Escuela Lomas Altas, Ciudad de M\u00e9xico<br \/>Tipo de contrato: Tiempo completo<\/p><p>Acerca de Nosotros:<br \/>Escuela Lomas Altas es una instituci\u00f3n educativa de prestigio comprometida a proporcionar un entorno de aprendizaje excepcional para estudiantes de diversos or\u00edgenes. Nuestro equipo de educadores se enfoca en fomentar la creatividad, el pensamiento cr\u00edtico y el amor por el aprendizaje.<\/p><p>Responsabilidades:<br \/>- Planificar, preparar y ofrecer clases atractivas que se alineen con nuestro plan de estudios basado en conceptos e indagaci\u00f3n.<br \/>- Crear un ambiente de aula positivo e inclusivo propicio para el aprendizaje.<br \/>- Evaluar el progreso de los alumnos y proporcionar retroalimentaci\u00f3n constructiva para apoyar su crecimiento acad\u00e9mico.<br \/>- Colaborar con colegas para mejorar las pr\u00e1cticas de ense\u00f1anza y el desarrollo del plan de estudios.<br \/>- Comunicarse efectivamente con alumnos, padres de familia y equipo docente.<\/p><p>Requisitos<br \/>- Licenciatura en Educaci\u00f3n o campo relacionado.<br \/>- Certificaci\u00f3n en ense\u00f1anza<br \/>- Experiencia probada en ense\u00f1anza, preferiblemente en un entorno multicultural.<br \/>- Habilidades s\u00f3lidas de comunicaci\u00f3n, organizaci\u00f3n e interpersonales.<br \/>- Compromiso con el desarrollo profesional y la mejora continua.<\/p><p>C\u00f3mo Aplicar:<br \/>Los candidatos interesados deben enviar una carta de presentaci\u00f3n, curr\u00edculum vitae e informaci\u00f3n de contacto de tres referencias profesionales a <a href=\"mailto:info@lomasaltas.edu.mx\"><span style=\"text-decoration: underline;\"><span style=\"color: #3366ff; text-decoration: underline;\">info@lomasaltas.edu.mx<\/span><\/span><\/a> antes del 30 de abril.\u00a0\u00a0<\/p><p>\u00a1\u00danete a nosotros en la formaci\u00f3n del futuro de la educaci\u00f3n en Escuela Lomas Altas! Esperamos dar la bienvenida a personas apasionadas que compartan nuestro compromiso con la excelencia en la ense\u00f1anza y el aprendizaje.<\/p>\t\t\t\t\t\t\t\t<\/div>\n\t\t\t\t<\/div>\n\t\t\t\t\t<\/div>\n\t\t<\/div>\n\t\t\t\t\t<\/div>\n\t\t<\/section>\n\t\t\t\t<\/div>","protected":false},"excerpt":{"rendered":"<p>NOW HIRING! Join Our Team at Escuela Lomas Altas!&nbsp; Are you passionate about education and dedicated to shaping the minds of tomorrow? Escuela Lomas Altas is seeking an enthusiastic and dynamic individual to join our team as a teacher. Positions: Teacher and Teacher Aides Location: Escuela Lomas Altas, Mexico City Contract Type: Full-time About Us: [&hellip;]<\/p>","protected":false},"author":3,"featured_media":0,"parent":0,"menu_order":0,"comment_status":"closed","ping_status":"closed","template":"elementor_header_footer","meta":{"footnotes":""},"class_list":["post-1416","page","type-page","status-publish","hentry"],"yoast_head":"<!-- This site is optimized with the Yoast SEO plugin v26.8 - https:\/\/yoast.com\/product\/yoast-seo-wordpress\/ -->\n<title>- Escuela Lomas Altas<\/title>\n<meta name=\"robots\" content=\"index, follow, max-snippet:-1, max-image-preview:large, max-video-preview:-1\" \/>\n<link rel=\"canonical\" href=\"https:\/\/lomasaltas.edu.mx\/es\/hiring\/\" \/>\n<meta property=\"og:locale\" content=\"es_ES\" \/>\n<meta property=\"og:type\" content=\"article\" \/>\n<meta property=\"og:title\" content=\"- Escuela Lomas Altas\" \/>\n<meta property=\"og:description\" content=\"NOW HIRING! Join Our Team at Escuela Lomas Altas!&nbsp; Are you passionate about education and dedicated to shaping the minds of tomorrow? Escuela Lomas Altas is seeking an enthusiastic and dynamic individual to join our team as a teacher. Positions: Teacher and Teacher Aides Location: Escuela Lomas Altas, Mexico City Contract Type: Full-time About Us: [&hellip;]\" \/>\n<meta property=\"og:url\" content=\"https:\/\/lomasaltas.edu.mx\/es\/hiring\/\" \/>\n<meta property=\"og:site_name\" content=\"Escuela Lomas Altas\" \/>\n<meta property=\"article:modified_time\" content=\"2024-04-17T18:50:54+00:00\" \/>\n<meta name=\"twitter:card\" content=\"summary_large_image\" \/>\n<meta name=\"twitter:label1\" content=\"Tiempo de lectura\" \/>\n\t<meta name=\"twitter:data1\" content=\"2 minutos\" \/>\n<script type=\"application\/ld+json\" class=\"yoast-schema-graph\">{\"@context\":\"https:\/\/schema.org\",\"@graph\":[{\"@type\":\"WebPage\",\"@id\":\"https:\/\/lomasaltas.edu.mx\/hiring\/\",\"url\":\"https:\/\/lomasaltas.edu.mx\/hiring\/\",\"name\":\"- Escuela Lomas Altas\",\"isPartOf\":{\"@id\":\"https:\/\/lomasaltas.edu.mx\/#website\"},\"datePublished\":\"2024-04-09T18:51:08+00:00\",\"dateModified\":\"2024-04-17T18:50:54+00:00\",\"inLanguage\":\"es\",\"potentialAction\":[{\"@type\":\"ReadAction\",\"target\":[\"https:\/\/lomasaltas.edu.mx\/hiring\/\"]}]},{\"@type\":\"WebSite\",\"@id\":\"https:\/\/lomasaltas.edu.mx\/#website\",\"url\":\"https:\/\/lomasaltas.edu.mx\/\",\"name\":\"Escuela Lomas Altas\",\"description\":\"Love for learning\",\"publisher\":{\"@id\":\"https:\/\/lomasaltas.edu.mx\/#organization\"},\"potentialAction\":[{\"@type\":\"SearchAction\",\"target\":{\"@type\":\"EntryPoint\",\"urlTemplate\":\"https:\/\/lomasaltas.edu.mx\/?s={search_term_string}\"},\"query-input\":{\"@type\":\"PropertyValueSpecification\",\"valueRequired\":true,\"valueName\":\"search_term_string\"}}],\"inLanguage\":\"es\"},{\"@type\":\"Organization\",\"@id\":\"https:\/\/lomasaltas.edu.mx\/#organization\",\"name\":\"Escuela Lomas Altas\",\"url\":\"https:\/\/lomasaltas.edu.mx\/\",\"logo\":{\"@type\":\"ImageObject\",\"inLanguage\":\"es\",\"@id\":\"https:\/\/lomasaltas.edu.mx\/#\/schema\/logo\/image\/\",\"url\":\"https:\/\/lomasaltas.edu.mx\/wp-content\/uploads\/2020\/07\/logo_ela_5.png\",\"contentUrl\":\"https:\/\/lomasaltas.edu.mx\/wp-content\/uploads\/2020\/07\/logo_ela_5.png\",\"width\":1038,\"height\":348,\"caption\":\"Escuela Lomas Altas\"},\"image\":{\"@id\":\"https:\/\/lomasaltas.edu.mx\/#\/schema\/logo\/image\/\"}}]}<\/script>\n<!-- \/ Yoast SEO plugin. -->","yoast_head_json":{"title":"- Escuela Lomas Altas","robots":{"index":"index","follow":"follow","max-snippet":"max-snippet:-1","max-image-preview":"max-image-preview:large","max-video-preview":"max-video-preview:-1"},"canonical":"https:\/\/lomasaltas.edu.mx\/es\/hiring\/","og_locale":"es_ES","og_type":"article","og_title":"- Escuela Lomas Altas","og_description":"NOW HIRING! Join Our Team at Escuela Lomas Altas!&nbsp; Are you passionate about education and dedicated to shaping the minds of tomorrow? Escuela Lomas Altas is seeking an enthusiastic and dynamic individual to join our team as a teacher. Positions: Teacher and Teacher Aides Location: Escuela Lomas Altas, Mexico City Contract Type: Full-time About Us: [&hellip;]","og_url":"https:\/\/lomasaltas.edu.mx\/es\/hiring\/","og_site_name":"Escuela Lomas Altas","article_modified_time":"2024-04-17T18:50:54+00:00","twitter_card":"summary_large_image","twitter_misc":{"Tiempo de lectura":"2 minutos"},"schema":{"@context":"https:\/\/schema.org","@graph":[{"@type":"WebPage","@id":"https:\/\/lomasaltas.edu.mx\/hiring\/","url":"https:\/\/lomasaltas.edu.mx\/hiring\/","name":"- Escuela Lomas Altas","isPartOf":{"@id":"https:\/\/lomasaltas.edu.mx\/#website"},"datePublished":"2024-04-09T18:51:08+00:00","dateModified":"2024-04-17T18:50:54+00:00","inLanguage":"es","potentialAction":[{"@type":"ReadAction","target":["https:\/\/lomasaltas.edu.mx\/hiring\/"]}]},{"@type":"WebSite","@id":"https:\/\/lomasaltas.edu.mx\/#website","url":"https:\/\/lomasaltas.edu.mx\/","name":"Escuela Lomas Altas","description":"Love for learning","publisher":{"@id":"https:\/\/lomasaltas.edu.mx\/#organization"},"potentialAction":[{"@type":"SearchAction","target":{"@type":"EntryPoint","urlTemplate":"https:\/\/lomasaltas.edu.mx\/?s={search_term_string}"},"query-input":{"@type":"PropertyValueSpecification","valueRequired":true,"valueName":"search_term_string"}}],"inLanguage":"es"},{"@type":"Organization","@id":"https:\/\/lomasaltas.edu.mx\/#organization","name":"Escuela Lomas Altas","url":"https:\/\/lomasaltas.edu.mx\/","logo":{"@type":"ImageObject","inLanguage":"es","@id":"https:\/\/lomasaltas.edu.mx\/#\/schema\/logo\/image\/","url":"https:\/\/lomasaltas.edu.mx\/wp-content\/uploads\/2020\/07\/logo_ela_5.png","contentUrl":"https:\/\/lomasaltas.edu.mx\/wp-content\/uploads\/2020\/07\/logo_ela_5.png","width":1038,"height":348,"caption":"Escuela Lomas Altas"},"image":{"@id":"https:\/\/lomasaltas.edu.mx\/#\/schema\/logo\/image\/"}}]}},"_links":{"self":[{"href":"https:\/\/lomasaltas.edu.mx\/es\/wp-json\/wp\/v2\/pages\/1416","targetHints":{"allow":["GET"]}}],"collection":[{"href":"https:\/\/lomasaltas.edu.mx\/es\/wp-json\/wp\/v2\/pages"}],"about":[{"href":"https:\/\/lomasaltas.edu.mx\/es\/wp-json\/wp\/v2\/types\/page"}],"author":[{"embeddable":true,"href":"https:\/\/lomasaltas.edu.mx\/es\/wp-json\/wp\/v2\/users\/3"}],"replies":[{"embeddable":true,"href":"https:\/\/lomasaltas.edu.mx\/es\/wp-json\/wp\/v2\/comments?post=1416"}],"version-history":[{"count":9,"href":"https:\/\/lomasaltas.edu.mx\/es\/wp-json\/wp\/v2\/pages\/1416\/revisions"}],"predecessor-version":[{"id":1479,"href":"https:\/\/lomasaltas.edu.mx\/es\/wp-json\/wp\/v2\/pages\/1416\/revisions\/1479"}],"wp:attachment":[{"href":"https:\/\/lomasaltas.edu.mx\/es\/wp-json\/wp\/v2\/media?parent=1416"}],"curies":[{"name":"wp","href":"https:\/\/api.w.org\/{rel}","templated":true}]}}