{"id":161,"date":"2020-07-01T13:02:34","date_gmt":"2020-07-01T18:02:34","guid":{"rendered":"https:\/\/lomasaltas.edu.mx\/?page_id=161"},"modified":"2020-07-03T16:51:46","modified_gmt":"2020-07-03T21:51:46","slug":"nursery","status":"publish","type":"page","link":"https:\/\/lomasaltas.edu.mx\/es\/maternal\/","title":{"rendered":"Maternal"},"content":{"rendered":"<div data-elementor-type=\"wp-page\" data-elementor-id=\"161\" class=\"elementor elementor-161\">\n\t\t\t\t\t\t<section class=\"elementor-section elementor-top-section elementor-element elementor-element-276b7988 elementor-section-height-min-height elementor-section-boxed elementor-section-height-default elementor-section-items-middle\" data-id=\"276b7988\" data-element_type=\"section\" data-e-type=\"section\" data-settings=\"{&quot;background_background&quot;:&quot;classic&quot;}\">\n\t\t\t\t\t\t<div class=\"elementor-container elementor-column-gap-default\">\n\t\t\t\t\t<div class=\"elementor-column elementor-col-100 elementor-top-column elementor-element elementor-element-11db74f\" data-id=\"11db74f\" data-element_type=\"column\" data-e-type=\"column\">\n\t\t\t<div class=\"elementor-widget-wrap elementor-element-populated\">\n\t\t\t\t\t\t<div class=\"elementor-element elementor-element-2c1dfe60 elementor-widget elementor-widget-heading\" data-id=\"2c1dfe60\" data-element_type=\"widget\" data-e-type=\"widget\" data-widget_type=\"heading.default\">\n\t\t\t\t<div class=\"elementor-widget-container\">\n\t\t\t\t\t<h2 class=\"elementor-heading-title elementor-size-default\">MATERNAL<\/h2>\t\t\t\t<\/div>\n\t\t\t\t<\/div>\n\t\t\t\t\t<\/div>\n\t\t<\/div>\n\t\t\t\t\t<\/div>\n\t\t<\/section>\n\t\t\t\t<section class=\"elementor-section elementor-top-section elementor-element elementor-element-1314e430 elementor-section-boxed elementor-section-height-default elementor-section-height-default\" data-id=\"1314e430\" data-element_type=\"section\" data-e-type=\"section\" data-settings=\"{&quot;background_background&quot;:&quot;classic&quot;}\">\n\t\t\t\t\t\t<div class=\"elementor-container elementor-column-gap-default\">\n\t\t\t\t\t<div class=\"elementor-column elementor-col-100 elementor-top-column elementor-element elementor-element-6db36c8e\" data-id=\"6db36c8e\" data-element_type=\"column\" data-e-type=\"column\">\n\t\t\t<div class=\"elementor-widget-wrap elementor-element-populated\">\n\t\t\t\t\t\t<div class=\"elementor-element elementor-element-77f6e8bc elementor-widget elementor-widget-text-editor\" data-id=\"77f6e8bc\" data-element_type=\"widget\" data-e-type=\"widget\" data-widget_type=\"text-editor.default\">\n\t\t\t\t<div class=\"elementor-widget-container\">\n\t\t\t\t\t\t\t\t\t<p>Algunos estudios han demostrado que, para garantizar el verdadero biling\u00fcismo, cuanto antes se exponga a un ni\u00f1o a un segundo idioma, m\u00e1s genuino ser\u00e1.<\/p><p>Nuestros m\u00e1s peque\u00f1os, al a\u00f1o y ocho meses, inician su vida acad\u00e9mica con una introducci\u00f3n al programa de Bachillerato Internacional a trav\u00e9s de una unidad de indagaci\u00f3n. Las repisas de nuestro maternal est\u00e1n llenas de objetos manipulables, rompecabezas, juegos adecuados para la edad, as\u00ed como libros para reforzar la adquisici\u00f3n de vocabulario. Se les leen cuentos todos los d\u00edas.<\/p><p>Aunque se hace hincapi\u00e9 en las habilidades sociales, se presta atenci\u00f3n a las habilidades motoras finas y a la forma correcta de \u201cagarre\u201d de los elementos que se pueden usar con la mano, asegurando as\u00ed la adquisici\u00f3n de los h\u00e1bitos de posicionamiento correctos. Se alienta a los ni\u00f1os a sentarse en las mesas y tratar de clasificar, secuenciar, resolver acertijos y ensartar usando la gran cantidad de juguetes y objetos disponibles. All\u00ed comen sus refrigerios y se les muestra c\u00f3mo ordenar y cuidar sus pertenencias de manera ordenada.<\/p><p>Las clases de m\u00fasica dos veces por semana dan rienda suelta a su libertad y creatividad mientras aprenden a cantar, bailar y responder al ritmo.<\/p>\t\t\t\t\t\t\t\t<\/div>\n\t\t\t\t<\/div>\n\t\t\t\t<div class=\"elementor-element elementor-element-52816ff6 elementor-widget elementor-widget-gallery\" data-id=\"52816ff6\" data-element_type=\"widget\" data-e-type=\"widget\" data-settings=\"{&quot;gallery_layout&quot;:&quot;masonry&quot;,&quot;columns&quot;:2,&quot;gap&quot;:{&quot;unit&quot;:&quot;px&quot;,&quot;size&quot;:19,&quot;sizes&quot;:[]},&quot;lazyload&quot;:&quot;yes&quot;,&quot;columns_tablet&quot;:2,&quot;columns_mobile&quot;:1,&quot;gap_tablet&quot;:{&quot;unit&quot;:&quot;px&quot;,&quot;size&quot;:10,&quot;sizes&quot;:[]},&quot;gap_mobile&quot;:{&quot;unit&quot;:&quot;px&quot;,&quot;size&quot;:10,&quot;sizes&quot;:[]},&quot;content_hover_animation&quot;:&quot;fade-in&quot;}\" data-widget_type=\"gallery.default\">\n\t\t\t\t<div class=\"elementor-widget-container\">\n\t\t\t\t\t\t\t<div class=\"elementor-gallery__container\">\n\t\t\t\t\t\t\t<div class=\"e-gallery-item elementor-gallery-item elementor-animated-content\">\n\t\t\t\t\t<div class=\"e-gallery-image elementor-gallery-item__image\" data-thumbnail=\"https:\/\/lomasaltas.edu.mx\/wp-content\/uploads\/2020\/07\/5_ELA.jpg\" data-width=\"2000\" data-height=\"1325\" alt=\"\" ><\/div>\n\t\t\t\t\t\t\t\t\t\t\t\t\t\t<\/div>\n\t\t\t\t\t\t\t<div class=\"e-gallery-item elementor-gallery-item elementor-animated-content\">\n\t\t\t\t\t<div class=\"e-gallery-image elementor-gallery-item__image\" data-thumbnail=\"https:\/\/lomasaltas.edu.mx\/wp-content\/uploads\/2020\/07\/6_ELA.jpg\" data-width=\"2000\" data-height=\"1325\" alt=\"\" ><\/div>\n\t\t\t\t\t\t\t\t\t\t\t\t\t\t<\/div>\n\t\t\t\t\t<\/div>\n\t\t\t\t\t<\/div>\n\t\t\t\t<\/div>\n\t\t\t\t\t<\/div>\n\t\t<\/div>\n\t\t\t\t\t<\/div>\n\t\t<\/section>\n\t\t\t\t<\/div>","protected":false},"excerpt":{"rendered":"<p>NURSERY Studies have shown that, to ensure true bilingualism, the earlier a child is exposed to a second language, the more genuine it will be. Our littlest ones, at one year and eight months, initiate their academic lives with the introduction to the International Baccalaureate programme and one unit of inquiry. The shelves of our [&hellip;]<\/p>","protected":false},"author":11,"featured_media":0,"parent":0,"menu_order":0,"comment_status":"closed","ping_status":"closed","template":"elementor_header_footer","meta":{"footnotes":""},"class_list":["post-161","page","type-page","status-publish","hentry"],"yoast_head":"<!-- This site is optimized with the Yoast SEO plugin v26.8 - https:\/\/yoast.com\/product\/yoast-seo-wordpress\/ -->\n<title>Nursery - Escuela Lomas Altas<\/title>\n<meta name=\"robots\" content=\"index, follow, max-snippet:-1, max-image-preview:large, max-video-preview:-1\" \/>\n<link rel=\"canonical\" href=\"https:\/\/lomasaltas.edu.mx\/es\/nursery\/\" \/>\n<meta property=\"og:locale\" content=\"es_ES\" \/>\n<meta property=\"og:type\" content=\"article\" \/>\n<meta property=\"og:title\" content=\"Nursery - Escuela Lomas Altas\" \/>\n<meta property=\"og:description\" content=\"NURSERY Studies have shown that, to ensure true bilingualism, the earlier a child is exposed to a second language, the more genuine it will be. Our littlest ones, at one year and eight months, initiate their academic lives with the introduction to the International Baccalaureate programme and one unit of inquiry. The shelves of our [&hellip;]\" \/>\n<meta property=\"og:url\" content=\"https:\/\/lomasaltas.edu.mx\/es\/nursery\/\" \/>\n<meta property=\"og:site_name\" content=\"Escuela Lomas Altas\" \/>\n<meta property=\"article:modified_time\" content=\"2020-07-03T21:51:46+00:00\" \/>\n<meta name=\"twitter:card\" content=\"summary_large_image\" \/>\n<meta name=\"twitter:label1\" content=\"Tiempo de lectura\" \/>\n\t<meta name=\"twitter:data1\" content=\"1 minuto\" \/>\n<script type=\"application\/ld+json\" class=\"yoast-schema-graph\">{\"@context\":\"https:\/\/schema.org\",\"@graph\":[{\"@type\":\"WebPage\",\"@id\":\"https:\/\/lomasaltas.edu.mx\/nursery\/\",\"url\":\"https:\/\/lomasaltas.edu.mx\/nursery\/\",\"name\":\"Nursery - Escuela Lomas Altas\",\"isPartOf\":{\"@id\":\"https:\/\/lomasaltas.edu.mx\/#website\"},\"datePublished\":\"2020-07-01T18:02:34+00:00\",\"dateModified\":\"2020-07-03T21:51:46+00:00\",\"breadcrumb\":{\"@id\":\"https:\/\/lomasaltas.edu.mx\/nursery\/#breadcrumb\"},\"inLanguage\":\"es\",\"potentialAction\":[{\"@type\":\"ReadAction\",\"target\":[\"https:\/\/lomasaltas.edu.mx\/nursery\/\"]}]},{\"@type\":\"BreadcrumbList\",\"@id\":\"https:\/\/lomasaltas.edu.mx\/nursery\/#breadcrumb\",\"itemListElement\":[{\"@type\":\"ListItem\",\"position\":1,\"name\":\"Home\",\"item\":\"https:\/\/lomasaltas.edu.mx\/\"},{\"@type\":\"ListItem\",\"position\":2,\"name\":\"Nursery\"}]},{\"@type\":\"WebSite\",\"@id\":\"https:\/\/lomasaltas.edu.mx\/#website\",\"url\":\"https:\/\/lomasaltas.edu.mx\/\",\"name\":\"Escuela Lomas Altas\",\"description\":\"Love for learning\",\"publisher\":{\"@id\":\"https:\/\/lomasaltas.edu.mx\/#organization\"},\"potentialAction\":[{\"@type\":\"SearchAction\",\"target\":{\"@type\":\"EntryPoint\",\"urlTemplate\":\"https:\/\/lomasaltas.edu.mx\/?s={search_term_string}\"},\"query-input\":{\"@type\":\"PropertyValueSpecification\",\"valueRequired\":true,\"valueName\":\"search_term_string\"}}],\"inLanguage\":\"es\"},{\"@type\":\"Organization\",\"@id\":\"https:\/\/lomasaltas.edu.mx\/#organization\",\"name\":\"Escuela Lomas Altas\",\"url\":\"https:\/\/lomasaltas.edu.mx\/\",\"logo\":{\"@type\":\"ImageObject\",\"inLanguage\":\"es\",\"@id\":\"https:\/\/lomasaltas.edu.mx\/#\/schema\/logo\/image\/\",\"url\":\"https:\/\/lomasaltas.edu.mx\/wp-content\/uploads\/2020\/07\/logo_ela_5.png\",\"contentUrl\":\"https:\/\/lomasaltas.edu.mx\/wp-content\/uploads\/2020\/07\/logo_ela_5.png\",\"width\":1038,\"height\":348,\"caption\":\"Escuela Lomas Altas\"},\"image\":{\"@id\":\"https:\/\/lomasaltas.edu.mx\/#\/schema\/logo\/image\/\"}}]}<\/script>\n<!-- \/ Yoast SEO plugin. -->","yoast_head_json":{"title":"Maternal - Escuela Lomas Altas","robots":{"index":"index","follow":"follow","max-snippet":"max-snippet:-1","max-image-preview":"max-image-preview:large","max-video-preview":"max-video-preview:-1"},"canonical":"https:\/\/lomasaltas.edu.mx\/es\/nursery\/","og_locale":"es_ES","og_type":"article","og_title":"Nursery - Escuela Lomas Altas","og_description":"NURSERY Studies have shown that, to ensure true bilingualism, the earlier a child is exposed to a second language, the more genuine it will be. Our littlest ones, at one year and eight months, initiate their academic lives with the introduction to the International Baccalaureate programme and one unit of inquiry. The shelves of our [&hellip;]","og_url":"https:\/\/lomasaltas.edu.mx\/es\/nursery\/","og_site_name":"Escuela Lomas Altas","article_modified_time":"2020-07-03T21:51:46+00:00","twitter_card":"summary_large_image","twitter_misc":{"Tiempo de lectura":"1 minuto"},"schema":{"@context":"https:\/\/schema.org","@graph":[{"@type":"WebPage","@id":"https:\/\/lomasaltas.edu.mx\/nursery\/","url":"https:\/\/lomasaltas.edu.mx\/nursery\/","name":"Maternal - Escuela Lomas Altas","isPartOf":{"@id":"https:\/\/lomasaltas.edu.mx\/#website"},"datePublished":"2020-07-01T18:02:34+00:00","dateModified":"2020-07-03T21:51:46+00:00","breadcrumb":{"@id":"https:\/\/lomasaltas.edu.mx\/nursery\/#breadcrumb"},"inLanguage":"es","potentialAction":[{"@type":"ReadAction","target":["https:\/\/lomasaltas.edu.mx\/nursery\/"]}]},{"@type":"BreadcrumbList","@id":"https:\/\/lomasaltas.edu.mx\/nursery\/#breadcrumb","itemListElement":[{"@type":"ListItem","position":1,"name":"Home","item":"https:\/\/lomasaltas.edu.mx\/"},{"@type":"ListItem","position":2,"name":"Nursery"}]},{"@type":"WebSite","@id":"https:\/\/lomasaltas.edu.mx\/#website","url":"https:\/\/lomasaltas.edu.mx\/","name":"Escuela Lomas Altas","description":"Love for learning","publisher":{"@id":"https:\/\/lomasaltas.edu.mx\/#organization"},"potentialAction":[{"@type":"SearchAction","target":{"@type":"EntryPoint","urlTemplate":"https:\/\/lomasaltas.edu.mx\/?s={search_term_string}"},"query-input":{"@type":"PropertyValueSpecification","valueRequired":true,"valueName":"search_term_string"}}],"inLanguage":"es"},{"@type":"Organization","@id":"https:\/\/lomasaltas.edu.mx\/#organization","name":"Escuela Lomas Altas","url":"https:\/\/lomasaltas.edu.mx\/","logo":{"@type":"ImageObject","inLanguage":"es","@id":"https:\/\/lomasaltas.edu.mx\/#\/schema\/logo\/image\/","url":"https:\/\/lomasaltas.edu.mx\/wp-content\/uploads\/2020\/07\/logo_ela_5.png","contentUrl":"https:\/\/lomasaltas.edu.mx\/wp-content\/uploads\/2020\/07\/logo_ela_5.png","width":1038,"height":348,"caption":"Escuela Lomas Altas"},"image":{"@id":"https:\/\/lomasaltas.edu.mx\/#\/schema\/logo\/image\/"}}]}},"_links":{"self":[{"href":"https:\/\/lomasaltas.edu.mx\/es\/wp-json\/wp\/v2\/pages\/161","targetHints":{"allow":["GET"]}}],"collection":[{"href":"https:\/\/lomasaltas.edu.mx\/es\/wp-json\/wp\/v2\/pages"}],"about":[{"href":"https:\/\/lomasaltas.edu.mx\/es\/wp-json\/wp\/v2\/types\/page"}],"author":[{"embeddable":true,"href":"https:\/\/lomasaltas.edu.mx\/es\/wp-json\/wp\/v2\/users\/11"}],"replies":[{"embeddable":true,"href":"https:\/\/lomasaltas.edu.mx\/es\/wp-json\/wp\/v2\/comments?post=161"}],"version-history":[{"count":5,"href":"https:\/\/lomasaltas.edu.mx\/es\/wp-json\/wp\/v2\/pages\/161\/revisions"}],"predecessor-version":[{"id":315,"href":"https:\/\/lomasaltas.edu.mx\/es\/wp-json\/wp\/v2\/pages\/161\/revisions\/315"}],"wp:attachment":[{"href":"https:\/\/lomasaltas.edu.mx\/es\/wp-json\/wp\/v2\/media?parent=161"}],"curies":[{"name":"wp","href":"https:\/\/api.w.org\/{rel}","templated":true}]}}