{"id":162,"date":"2020-07-01T13:02:48","date_gmt":"2020-07-01T18:02:48","guid":{"rendered":"https:\/\/lomasaltas.edu.mx\/?page_id=162"},"modified":"2020-07-03T16:51:50","modified_gmt":"2020-07-03T21:51:50","slug":"preschool","status":"publish","type":"page","link":"https:\/\/lomasaltas.edu.mx\/es\/preescolar\/","title":{"rendered":"Preescolar"},"content":{"rendered":"<div data-elementor-type=\"wp-page\" data-elementor-id=\"162\" class=\"elementor elementor-162\">\n\t\t\t\t\t\t<section class=\"elementor-section elementor-top-section elementor-element elementor-element-1263db2 elementor-section-height-min-height elementor-section-boxed elementor-section-height-default elementor-section-items-middle\" data-id=\"1263db2\" data-element_type=\"section\" data-e-type=\"section\" data-settings=\"{&quot;background_background&quot;:&quot;classic&quot;}\">\n\t\t\t\t\t\t<div class=\"elementor-container elementor-column-gap-default\">\n\t\t\t\t\t<div class=\"elementor-column elementor-col-100 elementor-top-column elementor-element elementor-element-6ffd4449\" data-id=\"6ffd4449\" data-element_type=\"column\" data-e-type=\"column\">\n\t\t\t<div class=\"elementor-widget-wrap elementor-element-populated\">\n\t\t\t\t\t\t<div class=\"elementor-element elementor-element-c0a85c7 elementor-widget elementor-widget-heading\" data-id=\"c0a85c7\" data-element_type=\"widget\" data-e-type=\"widget\" data-widget_type=\"heading.default\">\n\t\t\t\t<div class=\"elementor-widget-container\">\n\t\t\t\t\t<h2 class=\"elementor-heading-title elementor-size-default\">PREESCOLAR<\/h2>\t\t\t\t<\/div>\n\t\t\t\t<\/div>\n\t\t\t\t\t<\/div>\n\t\t<\/div>\n\t\t\t\t\t<\/div>\n\t\t<\/section>\n\t\t\t\t<section class=\"elementor-section elementor-top-section elementor-element elementor-element-3dd947ac elementor-section-boxed elementor-section-height-default elementor-section-height-default\" data-id=\"3dd947ac\" data-element_type=\"section\" data-e-type=\"section\" data-settings=\"{&quot;background_background&quot;:&quot;classic&quot;}\">\n\t\t\t\t\t\t<div class=\"elementor-container elementor-column-gap-default\">\n\t\t\t\t\t<div class=\"elementor-column elementor-col-100 elementor-top-column elementor-element elementor-element-45e2a58e\" data-id=\"45e2a58e\" data-element_type=\"column\" data-e-type=\"column\">\n\t\t\t<div class=\"elementor-widget-wrap elementor-element-populated\">\n\t\t\t\t\t\t<div class=\"elementor-element elementor-element-2e695705 elementor-widget elementor-widget-text-editor\" data-id=\"2e695705\" data-element_type=\"widget\" data-e-type=\"widget\" data-widget_type=\"text-editor.default\">\n\t\t\t\t<div class=\"elementor-widget-container\">\n\t\t\t\t\t\t\t\t\t<p>Las edades del preescolar de tres a seis a\u00f1os y medio son cr\u00edticos para la formaci\u00f3n de un banco b\u00e1sico de conocimientos s\u00f3lidos y buenos h\u00e1bitos propicios para el aprendizaje. En Escuela Lomas Altas, cada alumno es \u00fanico y se le permite progresar a su propio ritmo, con ayuda adicional siempre que sea necesario. Somos firmes defensores de la lectura como piedra angular de la educaci\u00f3n, por eso empleamos un esquema de lectura atractivo y multisensorial con acciones y reproducciones vocales para cada uno de los 42 sonidos del idioma ingl\u00e9s. Los alumnos son acompa\u00f1ados con instrucci\u00f3n completamente individualizada, desde los primeros pasos hasta el emocionante momento de leer cap\u00edtulos o libros completos.\u00a0<\/p><p>De manera similar, nuestro programa de matem\u00e1ticas se apoya fuertemente en los sentidos mediante la introducci\u00f3n de n\u00fameros con peque\u00f1as canciones, im\u00e1genes y movimientos. Esto responde a las necesidades de los ni\u00f1os proporcion\u00e1ndoles actividades adecuadas a su edad y nuevos conceptos seg\u00fan se van requiriendo.<\/p><p>Tambi\u00e9n ofrecemos un programa extracurricular de deportes y de ajedrez. Esto sucede dos veces por semana para todas las clases.<\/p>\t\t\t\t\t\t\t\t<\/div>\n\t\t\t\t<\/div>\n\t\t\t\t<section class=\"elementor-section elementor-inner-section elementor-element elementor-element-3e66e7b2 elementor-section-boxed elementor-section-height-default elementor-section-height-default\" data-id=\"3e66e7b2\" data-element_type=\"section\" data-e-type=\"section\">\n\t\t\t\t\t\t<div class=\"elementor-container elementor-column-gap-default\">\n\t\t\t\t\t<div class=\"elementor-column elementor-col-25 elementor-inner-column elementor-element elementor-element-25b747cd\" data-id=\"25b747cd\" data-element_type=\"column\" data-e-type=\"column\">\n\t\t\t<div class=\"elementor-widget-wrap elementor-element-populated\">\n\t\t\t\t\t\t<div class=\"elementor-element elementor-element-2b863536 elementor-widget elementor-widget-image\" data-id=\"2b863536\" data-element_type=\"widget\" data-e-type=\"widget\" data-widget_type=\"image.default\">\n\t\t\t\t<div class=\"elementor-widget-container\">\n\t\t\t\t\t\t\t\t\t\t\t\t\t\t\t<img fetchpriority=\"high\" decoding=\"async\" width=\"512\" height=\"512\" src=\"https:\/\/lomasaltas.edu.mx\/wp-content\/uploads\/2020\/07\/ear.png\" class=\"elementor-animation-shrink attachment-large size-large wp-image-174\" alt=\"\" srcset=\"https:\/\/lomasaltas.edu.mx\/wp-content\/uploads\/2020\/07\/ear.png 512w, https:\/\/lomasaltas.edu.mx\/wp-content\/uploads\/2020\/07\/ear-300x300.png 300w, https:\/\/lomasaltas.edu.mx\/wp-content\/uploads\/2020\/07\/ear-150x150.png 150w\" sizes=\"(max-width: 512px) 100vw, 512px\" \/>\t\t\t\t\t\t\t\t\t\t\t\t\t\t\t<\/div>\n\t\t\t\t<\/div>\n\t\t\t\t<div class=\"elementor-element elementor-element-4217be42 elementor-widget elementor-widget-heading\" data-id=\"4217be42\" data-element_type=\"widget\" data-e-type=\"widget\" data-widget_type=\"heading.default\">\n\t\t\t\t<div class=\"elementor-widget-container\">\n\t\t\t\t\t<h2 class=\"elementor-heading-title elementor-size-default\">Escuchar<\/h2>\t\t\t\t<\/div>\n\t\t\t\t<\/div>\n\t\t\t\t\t<\/div>\n\t\t<\/div>\n\t\t\t\t<div class=\"elementor-column elementor-col-25 elementor-inner-column elementor-element elementor-element-33c4423b\" data-id=\"33c4423b\" data-element_type=\"column\" data-e-type=\"column\">\n\t\t\t<div class=\"elementor-widget-wrap elementor-element-populated\">\n\t\t\t\t\t\t<div class=\"elementor-element elementor-element-4bef291b elementor-widget elementor-widget-image\" data-id=\"4bef291b\" data-element_type=\"widget\" data-e-type=\"widget\" data-widget_type=\"image.default\">\n\t\t\t\t<div class=\"elementor-widget-container\">\n\t\t\t\t\t\t\t\t\t\t\t\t\t\t\t<img decoding=\"async\" width=\"512\" height=\"512\" src=\"https:\/\/lomasaltas.edu.mx\/wp-content\/uploads\/2020\/07\/head.png\" class=\"elementor-animation-shrink attachment-large size-large wp-image-175\" alt=\"\" srcset=\"https:\/\/lomasaltas.edu.mx\/wp-content\/uploads\/2020\/07\/head.png 512w, https:\/\/lomasaltas.edu.mx\/wp-content\/uploads\/2020\/07\/head-300x300.png 300w, https:\/\/lomasaltas.edu.mx\/wp-content\/uploads\/2020\/07\/head-150x150.png 150w\" sizes=\"(max-width: 512px) 100vw, 512px\" \/>\t\t\t\t\t\t\t\t\t\t\t\t\t\t\t<\/div>\n\t\t\t\t<\/div>\n\t\t\t\t<div class=\"elementor-element elementor-element-2b72c80f elementor-widget elementor-widget-heading\" data-id=\"2b72c80f\" data-element_type=\"widget\" data-e-type=\"widget\" data-widget_type=\"heading.default\">\n\t\t\t\t<div class=\"elementor-widget-container\">\n\t\t\t\t\t<h2 class=\"elementor-heading-title elementor-size-default\">Comprender<\/h2>\t\t\t\t<\/div>\n\t\t\t\t<\/div>\n\t\t\t\t\t<\/div>\n\t\t<\/div>\n\t\t\t\t<div class=\"elementor-column elementor-col-25 elementor-inner-column elementor-element elementor-element-332b76be\" data-id=\"332b76be\" data-element_type=\"column\" data-e-type=\"column\">\n\t\t\t<div class=\"elementor-widget-wrap elementor-element-populated\">\n\t\t\t\t\t\t<div class=\"elementor-element elementor-element-7dc1f87b elementor-widget elementor-widget-image\" data-id=\"7dc1f87b\" data-element_type=\"widget\" data-e-type=\"widget\" data-widget_type=\"image.default\">\n\t\t\t\t<div class=\"elementor-widget-container\">\n\t\t\t\t\t\t\t\t\t\t\t\t\t\t\t<img decoding=\"async\" width=\"512\" height=\"512\" src=\"https:\/\/lomasaltas.edu.mx\/wp-content\/uploads\/2020\/07\/speak.png\" class=\"elementor-animation-shrink attachment-large size-large wp-image-176\" alt=\"\" srcset=\"https:\/\/lomasaltas.edu.mx\/wp-content\/uploads\/2020\/07\/speak.png 512w, https:\/\/lomasaltas.edu.mx\/wp-content\/uploads\/2020\/07\/speak-300x300.png 300w, https:\/\/lomasaltas.edu.mx\/wp-content\/uploads\/2020\/07\/speak-150x150.png 150w\" sizes=\"(max-width: 512px) 100vw, 512px\" \/>\t\t\t\t\t\t\t\t\t\t\t\t\t\t\t<\/div>\n\t\t\t\t<\/div>\n\t\t\t\t<div class=\"elementor-element elementor-element-20d1ceb7 elementor-widget elementor-widget-heading\" data-id=\"20d1ceb7\" data-element_type=\"widget\" data-e-type=\"widget\" data-widget_type=\"heading.default\">\n\t\t\t\t<div class=\"elementor-widget-container\">\n\t\t\t\t\t<h2 class=\"elementor-heading-title elementor-size-default\">Hablar<\/h2>\t\t\t\t<\/div>\n\t\t\t\t<\/div>\n\t\t\t\t\t<\/div>\n\t\t<\/div>\n\t\t\t\t<div class=\"elementor-column elementor-col-25 elementor-inner-column elementor-element elementor-element-3fb0e1bb\" data-id=\"3fb0e1bb\" data-element_type=\"column\" data-e-type=\"column\">\n\t\t\t<div class=\"elementor-widget-wrap elementor-element-populated\">\n\t\t\t\t\t\t<div class=\"elementor-element elementor-element-63c81043 elementor-widget elementor-widget-image\" data-id=\"63c81043\" data-element_type=\"widget\" data-e-type=\"widget\" data-widget_type=\"image.default\">\n\t\t\t\t<div class=\"elementor-widget-container\">\n\t\t\t\t\t\t\t\t\t\t\t\t\t\t\t<img loading=\"lazy\" decoding=\"async\" width=\"512\" height=\"512\" src=\"https:\/\/lomasaltas.edu.mx\/wp-content\/uploads\/2020\/07\/click.png\" class=\"elementor-animation-shrink attachment-large size-large wp-image-177\" alt=\"\" srcset=\"https:\/\/lomasaltas.edu.mx\/wp-content\/uploads\/2020\/07\/click.png 512w, https:\/\/lomasaltas.edu.mx\/wp-content\/uploads\/2020\/07\/click-300x300.png 300w, https:\/\/lomasaltas.edu.mx\/wp-content\/uploads\/2020\/07\/click-150x150.png 150w\" sizes=\"(max-width: 512px) 100vw, 512px\" \/>\t\t\t\t\t\t\t\t\t\t\t\t\t\t\t<\/div>\n\t\t\t\t<\/div>\n\t\t\t\t<div class=\"elementor-element elementor-element-707dab36 elementor-widget elementor-widget-heading\" data-id=\"707dab36\" data-element_type=\"widget\" data-e-type=\"widget\" data-widget_type=\"heading.default\">\n\t\t\t\t<div class=\"elementor-widget-container\">\n\t\t\t\t\t<h2 class=\"elementor-heading-title elementor-size-default\">Acci\u00f3n<\/h2>\t\t\t\t<\/div>\n\t\t\t\t<\/div>\n\t\t\t\t\t<\/div>\n\t\t<\/div>\n\t\t\t\t\t<\/div>\n\t\t<\/section>\n\t\t\t\t<div class=\"elementor-element elementor-element-3c25fc52 elementor-widget elementor-widget-text-editor\" data-id=\"3c25fc52\" data-element_type=\"widget\" data-e-type=\"widget\" data-widget_type=\"text-editor.default\">\n\t\t\t\t<div class=\"elementor-widget-container\">\n\t\t\t\t\t\t\t\t\t<p>La participaci\u00f3n de los padres de familia de todos los grados, pero especialmente en preescolar, es fuertemente alentada y apoyada por la escuela.<\/p>\t\t\t\t\t\t\t\t<\/div>\n\t\t\t\t<\/div>\n\t\t\t\t<div class=\"elementor-element elementor-element-66fd1165 elementor-widget elementor-widget-gallery\" data-id=\"66fd1165\" data-element_type=\"widget\" data-e-type=\"widget\" data-settings=\"{&quot;gallery_layout&quot;:&quot;masonry&quot;,&quot;gap&quot;:{&quot;unit&quot;:&quot;px&quot;,&quot;size&quot;:19,&quot;sizes&quot;:[]},&quot;columns&quot;:2,&quot;lazyload&quot;:&quot;yes&quot;,&quot;columns_tablet&quot;:2,&quot;columns_mobile&quot;:1,&quot;gap_tablet&quot;:{&quot;unit&quot;:&quot;px&quot;,&quot;size&quot;:10,&quot;sizes&quot;:[]},&quot;gap_mobile&quot;:{&quot;unit&quot;:&quot;px&quot;,&quot;size&quot;:10,&quot;sizes&quot;:[]},&quot;content_hover_animation&quot;:&quot;fade-in&quot;}\" data-widget_type=\"gallery.default\">\n\t\t\t\t<div class=\"elementor-widget-container\">\n\t\t\t\t\t\t\t<div class=\"elementor-gallery__container\">\n\t\t\t\t\t\t\t<div class=\"e-gallery-item elementor-gallery-item elementor-animated-content\">\n\t\t\t\t\t<div class=\"e-gallery-image elementor-gallery-item__image\" data-thumbnail=\"https:\/\/lomasaltas.edu.mx\/wp-content\/uploads\/2020\/07\/17_ELA.jpg\" data-width=\"2000\" data-height=\"1325\" alt=\"\" ><\/div>\n\t\t\t\t\t\t\t\t\t\t\t\t\t\t<\/div>\n\t\t\t\t\t\t\t<div class=\"e-gallery-item elementor-gallery-item elementor-animated-content\">\n\t\t\t\t\t<div class=\"e-gallery-image elementor-gallery-item__image\" data-thumbnail=\"https:\/\/lomasaltas.edu.mx\/wp-content\/uploads\/2020\/07\/23_ELA.jpg\" data-width=\"2000\" data-height=\"1325\" alt=\"\" ><\/div>\n\t\t\t\t\t\t\t\t\t\t\t\t\t\t<\/div>\n\t\t\t\t\t\t\t<div class=\"e-gallery-item elementor-gallery-item elementor-animated-content\">\n\t\t\t\t\t<div class=\"e-gallery-image elementor-gallery-item__image\" data-thumbnail=\"https:\/\/lomasaltas.edu.mx\/wp-content\/uploads\/2020\/07\/29_ELA.jpg\" data-width=\"2000\" data-height=\"1325\" alt=\"\" ><\/div>\n\t\t\t\t\t\t\t\t\t\t\t\t\t\t<\/div>\n\t\t\t\t\t\t\t<div class=\"e-gallery-item elementor-gallery-item elementor-animated-content\">\n\t\t\t\t\t<div class=\"e-gallery-image elementor-gallery-item__image\" data-thumbnail=\"https:\/\/lomasaltas.edu.mx\/wp-content\/uploads\/2020\/07\/24_ELA-scaled-1.jpg\" data-width=\"2560\" data-height=\"1695\" alt=\"escuela_lomas_altas_gal_5\" ><\/div>\n\t\t\t\t\t\t\t\t\t\t\t\t\t\t<\/div>\n\t\t\t\t\t<\/div>\n\t\t\t\t\t<\/div>\n\t\t\t\t<\/div>\n\t\t\t\t\t<\/div>\n\t\t<\/div>\n\t\t\t\t\t<\/div>\n\t\t<\/section>\n\t\t\t\t<\/div>","protected":false},"excerpt":{"rendered":"<p>PRESCHOOL Preschool ages of three to six-and-a-half or seven are critical to the formation of a basic bank of solid knowledge and good habits conducive for learning. At Escuela Lomas Altas, each&nbsp;student is unique and allowed to progress at his\/her own pace, with extra help provided where needed. We are strong advocates for reading as [&hellip;]<\/p>","protected":false},"author":11,"featured_media":0,"parent":0,"menu_order":0,"comment_status":"closed","ping_status":"closed","template":"elementor_header_footer","meta":{"footnotes":""},"class_list":["post-162","page","type-page","status-publish","hentry"],"yoast_head":"<!-- This site is optimized with the Yoast SEO plugin v26.8 - https:\/\/yoast.com\/product\/yoast-seo-wordpress\/ -->\n<title>Preschool - Escuela Lomas Altas<\/title>\n<meta name=\"robots\" content=\"index, follow, max-snippet:-1, max-image-preview:large, max-video-preview:-1\" \/>\n<link rel=\"canonical\" href=\"https:\/\/lomasaltas.edu.mx\/es\/preschool\/\" \/>\n<meta property=\"og:locale\" content=\"es_ES\" \/>\n<meta property=\"og:type\" content=\"article\" \/>\n<meta property=\"og:title\" content=\"Preschool - Escuela Lomas Altas\" \/>\n<meta property=\"og:description\" content=\"PRESCHOOL Preschool ages of three to six-and-a-half or seven are critical to the formation of a basic bank of solid knowledge and good habits conducive for learning. At Escuela Lomas Altas, each&nbsp;student is unique and allowed to progress at his\/her own pace, with extra help provided where needed. We are strong advocates for reading as [&hellip;]\" \/>\n<meta property=\"og:url\" content=\"https:\/\/lomasaltas.edu.mx\/es\/preschool\/\" \/>\n<meta property=\"og:site_name\" content=\"Escuela Lomas Altas\" \/>\n<meta property=\"article:modified_time\" content=\"2020-07-03T21:51:50+00:00\" \/>\n<meta property=\"og:image\" content=\"https:\/\/lomasaltas.edu.mx\/wp-content\/uploads\/2020\/07\/ear.png\" \/>\n<meta name=\"twitter:card\" content=\"summary_large_image\" \/>\n<meta name=\"twitter:label1\" content=\"Tiempo de lectura\" \/>\n\t<meta name=\"twitter:data1\" content=\"1 minuto\" \/>\n<script type=\"application\/ld+json\" class=\"yoast-schema-graph\">{\"@context\":\"https:\/\/schema.org\",\"@graph\":[{\"@type\":\"WebPage\",\"@id\":\"https:\/\/lomasaltas.edu.mx\/preschool\/\",\"url\":\"https:\/\/lomasaltas.edu.mx\/preschool\/\",\"name\":\"Preschool - Escuela Lomas Altas\",\"isPartOf\":{\"@id\":\"https:\/\/lomasaltas.edu.mx\/#website\"},\"primaryImageOfPage\":{\"@id\":\"https:\/\/lomasaltas.edu.mx\/preschool\/#primaryimage\"},\"image\":{\"@id\":\"https:\/\/lomasaltas.edu.mx\/preschool\/#primaryimage\"},\"thumbnailUrl\":\"https:\/\/lomasaltas.edu.mx\/wp-content\/uploads\/2020\/07\/ear.png\",\"datePublished\":\"2020-07-01T18:02:48+00:00\",\"dateModified\":\"2020-07-03T21:51:50+00:00\",\"breadcrumb\":{\"@id\":\"https:\/\/lomasaltas.edu.mx\/preschool\/#breadcrumb\"},\"inLanguage\":\"es\",\"potentialAction\":[{\"@type\":\"ReadAction\",\"target\":[\"https:\/\/lomasaltas.edu.mx\/preschool\/\"]}]},{\"@type\":\"ImageObject\",\"inLanguage\":\"es\",\"@id\":\"https:\/\/lomasaltas.edu.mx\/preschool\/#primaryimage\",\"url\":\"https:\/\/lomasaltas.edu.mx\/wp-content\/uploads\/2020\/07\/ear.png\",\"contentUrl\":\"https:\/\/lomasaltas.edu.mx\/wp-content\/uploads\/2020\/07\/ear.png\"},{\"@type\":\"BreadcrumbList\",\"@id\":\"https:\/\/lomasaltas.edu.mx\/preschool\/#breadcrumb\",\"itemListElement\":[{\"@type\":\"ListItem\",\"position\":1,\"name\":\"Home\",\"item\":\"https:\/\/lomasaltas.edu.mx\/\"},{\"@type\":\"ListItem\",\"position\":2,\"name\":\"Preschool\"}]},{\"@type\":\"WebSite\",\"@id\":\"https:\/\/lomasaltas.edu.mx\/#website\",\"url\":\"https:\/\/lomasaltas.edu.mx\/\",\"name\":\"Escuela Lomas Altas\",\"description\":\"Love for learning\",\"publisher\":{\"@id\":\"https:\/\/lomasaltas.edu.mx\/#organization\"},\"potentialAction\":[{\"@type\":\"SearchAction\",\"target\":{\"@type\":\"EntryPoint\",\"urlTemplate\":\"https:\/\/lomasaltas.edu.mx\/?s={search_term_string}\"},\"query-input\":{\"@type\":\"PropertyValueSpecification\",\"valueRequired\":true,\"valueName\":\"search_term_string\"}}],\"inLanguage\":\"es\"},{\"@type\":\"Organization\",\"@id\":\"https:\/\/lomasaltas.edu.mx\/#organization\",\"name\":\"Escuela Lomas Altas\",\"url\":\"https:\/\/lomasaltas.edu.mx\/\",\"logo\":{\"@type\":\"ImageObject\",\"inLanguage\":\"es\",\"@id\":\"https:\/\/lomasaltas.edu.mx\/#\/schema\/logo\/image\/\",\"url\":\"https:\/\/lomasaltas.edu.mx\/wp-content\/uploads\/2020\/07\/logo_ela_5.png\",\"contentUrl\":\"https:\/\/lomasaltas.edu.mx\/wp-content\/uploads\/2020\/07\/logo_ela_5.png\",\"width\":1038,\"height\":348,\"caption\":\"Escuela Lomas Altas\"},\"image\":{\"@id\":\"https:\/\/lomasaltas.edu.mx\/#\/schema\/logo\/image\/\"}}]}<\/script>\n<!-- \/ Yoast SEO plugin. -->","yoast_head_json":{"title":"Preschool - Escuela Lomas Altas","robots":{"index":"index","follow":"follow","max-snippet":"max-snippet:-1","max-image-preview":"max-image-preview:large","max-video-preview":"max-video-preview:-1"},"canonical":"https:\/\/lomasaltas.edu.mx\/es\/preschool\/","og_locale":"es_ES","og_type":"article","og_title":"Preschool - Escuela Lomas Altas","og_description":"PRESCHOOL Preschool ages of three to six-and-a-half or seven are critical to the formation of a basic bank of solid knowledge and good habits conducive for learning. At Escuela Lomas Altas, each&nbsp;student is unique and allowed to progress at his\/her own pace, with extra help provided where needed. We are strong advocates for reading as [&hellip;]","og_url":"https:\/\/lomasaltas.edu.mx\/es\/preschool\/","og_site_name":"Escuela Lomas Altas","article_modified_time":"2020-07-03T21:51:50+00:00","og_image":[{"url":"https:\/\/lomasaltas.edu.mx\/wp-content\/uploads\/2020\/07\/ear.png","type":"","width":"","height":""}],"twitter_card":"summary_large_image","twitter_misc":{"Tiempo de lectura":"1 minuto"},"schema":{"@context":"https:\/\/schema.org","@graph":[{"@type":"WebPage","@id":"https:\/\/lomasaltas.edu.mx\/preschool\/","url":"https:\/\/lomasaltas.edu.mx\/preschool\/","name":"Preschool - Escuela Lomas Altas","isPartOf":{"@id":"https:\/\/lomasaltas.edu.mx\/#website"},"primaryImageOfPage":{"@id":"https:\/\/lomasaltas.edu.mx\/preschool\/#primaryimage"},"image":{"@id":"https:\/\/lomasaltas.edu.mx\/preschool\/#primaryimage"},"thumbnailUrl":"https:\/\/lomasaltas.edu.mx\/wp-content\/uploads\/2020\/07\/ear.png","datePublished":"2020-07-01T18:02:48+00:00","dateModified":"2020-07-03T21:51:50+00:00","breadcrumb":{"@id":"https:\/\/lomasaltas.edu.mx\/preschool\/#breadcrumb"},"inLanguage":"es","potentialAction":[{"@type":"ReadAction","target":["https:\/\/lomasaltas.edu.mx\/preschool\/"]}]},{"@type":"ImageObject","inLanguage":"es","@id":"https:\/\/lomasaltas.edu.mx\/preschool\/#primaryimage","url":"https:\/\/lomasaltas.edu.mx\/wp-content\/uploads\/2020\/07\/ear.png","contentUrl":"https:\/\/lomasaltas.edu.mx\/wp-content\/uploads\/2020\/07\/ear.png"},{"@type":"BreadcrumbList","@id":"https:\/\/lomasaltas.edu.mx\/preschool\/#breadcrumb","itemListElement":[{"@type":"ListItem","position":1,"name":"Home","item":"https:\/\/lomasaltas.edu.mx\/"},{"@type":"ListItem","position":2,"name":"Preschool"}]},{"@type":"WebSite","@id":"https:\/\/lomasaltas.edu.mx\/#website","url":"https:\/\/lomasaltas.edu.mx\/","name":"Escuela Lomas Altas","description":"Love for learning","publisher":{"@id":"https:\/\/lomasaltas.edu.mx\/#organization"},"potentialAction":[{"@type":"SearchAction","target":{"@type":"EntryPoint","urlTemplate":"https:\/\/lomasaltas.edu.mx\/?s={search_term_string}"},"query-input":{"@type":"PropertyValueSpecification","valueRequired":true,"valueName":"search_term_string"}}],"inLanguage":"es"},{"@type":"Organization","@id":"https:\/\/lomasaltas.edu.mx\/#organization","name":"Escuela Lomas Altas","url":"https:\/\/lomasaltas.edu.mx\/","logo":{"@type":"ImageObject","inLanguage":"es","@id":"https:\/\/lomasaltas.edu.mx\/#\/schema\/logo\/image\/","url":"https:\/\/lomasaltas.edu.mx\/wp-content\/uploads\/2020\/07\/logo_ela_5.png","contentUrl":"https:\/\/lomasaltas.edu.mx\/wp-content\/uploads\/2020\/07\/logo_ela_5.png","width":1038,"height":348,"caption":"Escuela Lomas Altas"},"image":{"@id":"https:\/\/lomasaltas.edu.mx\/#\/schema\/logo\/image\/"}}]}},"_links":{"self":[{"href":"https:\/\/lomasaltas.edu.mx\/es\/wp-json\/wp\/v2\/pages\/162","targetHints":{"allow":["GET"]}}],"collection":[{"href":"https:\/\/lomasaltas.edu.mx\/es\/wp-json\/wp\/v2\/pages"}],"about":[{"href":"https:\/\/lomasaltas.edu.mx\/es\/wp-json\/wp\/v2\/types\/page"}],"author":[{"embeddable":true,"href":"https:\/\/lomasaltas.edu.mx\/es\/wp-json\/wp\/v2\/users\/11"}],"replies":[{"embeddable":true,"href":"https:\/\/lomasaltas.edu.mx\/es\/wp-json\/wp\/v2\/comments?post=162"}],"version-history":[{"count":4,"href":"https:\/\/lomasaltas.edu.mx\/es\/wp-json\/wp\/v2\/pages\/162\/revisions"}],"predecessor-version":[{"id":316,"href":"https:\/\/lomasaltas.edu.mx\/es\/wp-json\/wp\/v2\/pages\/162\/revisions\/316"}],"wp:attachment":[{"href":"https:\/\/lomasaltas.edu.mx\/es\/wp-json\/wp\/v2\/media?parent=162"}],"curies":[{"name":"wp","href":"https:\/\/api.w.org\/{rel}","templated":true}]}}