{"id":163,"date":"2020-07-01T13:03:00","date_gmt":"2020-07-01T18:03:00","guid":{"rendered":"https:\/\/lomasaltas.edu.mx\/?page_id=163"},"modified":"2022-12-12T10:11:45","modified_gmt":"2022-12-12T16:11:45","slug":"primary","status":"publish","type":"page","link":"https:\/\/lomasaltas.edu.mx\/es\/primaria\/","title":{"rendered":"Primaria"},"content":{"rendered":"<div data-elementor-type=\"wp-page\" data-elementor-id=\"163\" class=\"elementor elementor-163\">\n\t\t\t\t\t\t<section class=\"elementor-section elementor-top-section elementor-element elementor-element-b996409 elementor-section-height-min-height elementor-section-boxed elementor-section-height-default elementor-section-items-middle\" data-id=\"b996409\" data-element_type=\"section\" data-e-type=\"section\" data-settings=\"{&quot;background_background&quot;:&quot;classic&quot;}\">\n\t\t\t\t\t\t<div class=\"elementor-container elementor-column-gap-default\">\n\t\t\t\t\t<div class=\"elementor-column elementor-col-100 elementor-top-column elementor-element elementor-element-c4544e8\" data-id=\"c4544e8\" data-element_type=\"column\" data-e-type=\"column\">\n\t\t\t<div class=\"elementor-widget-wrap elementor-element-populated\">\n\t\t\t\t\t\t<div class=\"elementor-element elementor-element-4ca23109 elementor-widget elementor-widget-heading\" data-id=\"4ca23109\" data-element_type=\"widget\" data-e-type=\"widget\" data-widget_type=\"heading.default\">\n\t\t\t\t<div class=\"elementor-widget-container\">\n\t\t\t\t\t<h2 class=\"elementor-heading-title elementor-size-default\">PRIMARIA<\/h2>\t\t\t\t<\/div>\n\t\t\t\t<\/div>\n\t\t\t\t\t<\/div>\n\t\t<\/div>\n\t\t\t\t\t<\/div>\n\t\t<\/section>\n\t\t\t\t<section class=\"elementor-section elementor-top-section elementor-element elementor-element-71ca7ea0 elementor-section-boxed elementor-section-height-default elementor-section-height-default\" data-id=\"71ca7ea0\" data-element_type=\"section\" data-e-type=\"section\" data-settings=\"{&quot;background_background&quot;:&quot;classic&quot;}\">\n\t\t\t\t\t\t<div class=\"elementor-container elementor-column-gap-default\">\n\t\t\t\t\t<div class=\"elementor-column elementor-col-100 elementor-top-column elementor-element elementor-element-2d2977b2\" data-id=\"2d2977b2\" data-element_type=\"column\" data-e-type=\"column\">\n\t\t\t<div class=\"elementor-widget-wrap elementor-element-populated\">\n\t\t\t\t\t\t<div class=\"elementor-element elementor-element-5379d061 elementor-widget elementor-widget-text-editor\" data-id=\"5379d061\" data-element_type=\"widget\" data-e-type=\"widget\" data-widget_type=\"text-editor.default\">\n\t\t\t\t<div class=\"elementor-widget-container\">\n\t\t\t\t\t\t\t\t\t<p>La inmersi\u00f3n total al ingl\u00e9s en nuestro preescolar es lo que se convierte en la base para un verdadero biling\u00fcismo para nuestros hispanohablantes. El alto n\u00famero de hablantes nativos de ingl\u00e9s proporciona un buen modelo ling\u00fc\u00edstico para los hispanohablantes que aprenden ingl\u00e9s. Hay un especialista disponible desde Primer A\u00f1o y hasta Cuarto A\u00f1o para facilitar la transici\u00f3n de nuestros alumnos internacionales hacia nuestro programa biling\u00fce y para lograr una f\u00e1cil adaptaci\u00f3n al programa de la SEP (Secretar\u00eda de Educaci\u00f3n P\u00fablica).<\/p><p>Las unidades de indagaci\u00f3n, como se requiere en un colegio IB, proporcionan el marco curricular para el desarrollo de nuestro plan de estudios. En la primaria estas unidades suceden en ingl\u00e9s y en espa\u00f1ol. Dentro de estas unidades, ambos idiomas son utilizados para abordar contenidos de Lengua, Matem\u00e1ticas, Ciencias Naturales y Sociales.  La colaboraci\u00f3n y el trabajo en equipo son esenciales para el buen funcionamiento de nuestras actividades cotidianas. Nuestro programa ha sido dise\u00f1ado para guiar y acompa\u00f1ar a nuestros alumnos en su desarrollo social, f\u00edsico y emocional.\nNuestra meta \u00faltima es que nuestros alumnos aprendan en este formato biling\u00fce con el fin de lograr que estos dos idiomas sean un veh\u00edculo para la comprensi\u00f3n indistintamente.<\/p><p>Se enfatiza la lectura individual en ingl\u00e9s y espa\u00f1ol durante toda la Primaria; cada alumno participa en sesiones individuales semanales con los bibliotecarios. Estamos orgullosos de tener una biblioteca que consta de 15,000 vol\u00famenes de ficci\u00f3n y no ficci\u00f3n. Nuestro objetivo es hacer de la lectura una actividad diaria e integral en la vida de nuestros alumnos y crear el gusto y un h\u00e1bito de lectura de por vida.<\/p><p>A medida que pasan los a\u00f1os, los alumnos desarrollan confianza en s\u00ed mismos y al salir de 6\u00ba grado se van con bastante fluidez en ambos idiomas y preparados para enfrentar la secundaria de su elecci\u00f3n.<\/p><p>\u00a0<\/p><p><strong>Actividades Extra-curriculares<\/strong><\/p><p>La escuela tiene una cancha de b\u00e1squetbol de superficie dura al aire libre y un \u00e1rea de juego. Los alumnos tienen la oportunidad de participar en deportes (baloncesto, f\u00fatbol y balonmano), drama, m\u00fasica, ajedrez, rob\u00f3tica y stop-motion.<\/p>\t\t\t\t\t\t\t\t<\/div>\n\t\t\t\t<\/div>\n\t\t\t\t<div class=\"elementor-element elementor-element-264c877 elementor-widget elementor-widget-gallery\" data-id=\"264c877\" data-element_type=\"widget\" data-e-type=\"widget\" data-settings=\"{&quot;gallery_layout&quot;:&quot;masonry&quot;,&quot;columns&quot;:2,&quot;gap&quot;:{&quot;unit&quot;:&quot;px&quot;,&quot;size&quot;:19,&quot;sizes&quot;:[]},&quot;lazyload&quot;:&quot;yes&quot;,&quot;columns_tablet&quot;:2,&quot;columns_mobile&quot;:1,&quot;gap_tablet&quot;:{&quot;unit&quot;:&quot;px&quot;,&quot;size&quot;:10,&quot;sizes&quot;:[]},&quot;gap_mobile&quot;:{&quot;unit&quot;:&quot;px&quot;,&quot;size&quot;:10,&quot;sizes&quot;:[]},&quot;content_hover_animation&quot;:&quot;fade-in&quot;}\" data-widget_type=\"gallery.default\">\n\t\t\t\t<div class=\"elementor-widget-container\">\n\t\t\t\t\t\t\t<div class=\"elementor-gallery__container\">\n\t\t\t\t\t\t\t<div class=\"e-gallery-item elementor-gallery-item elementor-animated-content\">\n\t\t\t\t\t<div class=\"e-gallery-image elementor-gallery-item__image\" data-thumbnail=\"https:\/\/lomasaltas.edu.mx\/wp-content\/uploads\/2020\/07\/9_ELA.jpg\" data-width=\"2000\" data-height=\"1325\" alt=\"\" ><\/div>\n\t\t\t\t\t\t\t\t\t\t\t\t\t\t<\/div>\n\t\t\t\t\t\t\t<div class=\"e-gallery-item elementor-gallery-item elementor-animated-content\">\n\t\t\t\t\t<div class=\"e-gallery-image elementor-gallery-item__image\" data-thumbnail=\"https:\/\/lomasaltas.edu.mx\/wp-content\/uploads\/2020\/07\/12_ELA.jpg\" data-width=\"2000\" data-height=\"1325\" alt=\"\" ><\/div>\n\t\t\t\t\t\t\t\t\t\t\t\t\t\t<\/div>\n\t\t\t\t\t\t\t<div class=\"e-gallery-item elementor-gallery-item elementor-animated-content\">\n\t\t\t\t\t<div class=\"e-gallery-image elementor-gallery-item__image\" data-thumbnail=\"https:\/\/lomasaltas.edu.mx\/wp-content\/uploads\/2020\/07\/31_ELA.jpg\" data-width=\"2000\" data-height=\"1325\" alt=\"\" ><\/div>\n\t\t\t\t\t\t\t\t\t\t\t\t\t\t<\/div>\n\t\t\t\t\t\t\t<div class=\"e-gallery-item elementor-gallery-item elementor-animated-content\">\n\t\t\t\t\t<div class=\"e-gallery-image elementor-gallery-item__image\" data-thumbnail=\"https:\/\/lomasaltas.edu.mx\/wp-content\/uploads\/2020\/07\/48_ELA.jpg\" data-width=\"2000\" data-height=\"1325\" alt=\"\" ><\/div>\n\t\t\t\t\t\t\t\t\t\t\t\t\t\t<\/div>\n\t\t\t\t\t<\/div>\n\t\t\t\t\t<\/div>\n\t\t\t\t<\/div>\n\t\t\t\t\t<\/div>\n\t\t<\/div>\n\t\t\t\t\t<\/div>\n\t\t<\/section>\n\t\t\t\t<\/div>","protected":false},"excerpt":{"rendered":"<p>PRIMARY Total immersion into English in our Preschool is what sets the stage for true bilingualism for our Spanish speakers. The high number of native English speakers provides a good linguistic model for Spanish speakers learning English. A specialist is available from grades one to four to facilitate transition of our international students into our [&hellip;]<\/p>","protected":false},"author":11,"featured_media":0,"parent":0,"menu_order":0,"comment_status":"closed","ping_status":"closed","template":"elementor_header_footer","meta":{"footnotes":""},"class_list":["post-163","page","type-page","status-publish","hentry"],"yoast_head":"<!-- This site is optimized with the Yoast SEO plugin v26.8 - https:\/\/yoast.com\/product\/yoast-seo-wordpress\/ -->\n<title>Primary - Escuela Lomas Altas<\/title>\n<meta name=\"robots\" content=\"index, follow, max-snippet:-1, max-image-preview:large, max-video-preview:-1\" \/>\n<link rel=\"canonical\" href=\"https:\/\/lomasaltas.edu.mx\/es\/primary\/\" \/>\n<meta property=\"og:locale\" content=\"es_ES\" \/>\n<meta property=\"og:type\" content=\"article\" \/>\n<meta property=\"og:title\" content=\"Primary - Escuela Lomas Altas\" \/>\n<meta property=\"og:description\" content=\"PRIMARY Total immersion into English in our Preschool is what sets the stage for true bilingualism for our Spanish speakers. The high number of native English speakers provides a good linguistic model for Spanish speakers learning English. A specialist is available from grades one to four to facilitate transition of our international students into our [&hellip;]\" \/>\n<meta property=\"og:url\" content=\"https:\/\/lomasaltas.edu.mx\/es\/primary\/\" \/>\n<meta property=\"og:site_name\" content=\"Escuela Lomas Altas\" \/>\n<meta property=\"article:modified_time\" content=\"2022-12-12T16:11:45+00:00\" \/>\n<meta name=\"twitter:card\" content=\"summary_large_image\" \/>\n<meta name=\"twitter:label1\" content=\"Tiempo de lectura\" \/>\n\t<meta name=\"twitter:data1\" content=\"2 minutos\" \/>\n<script type=\"application\/ld+json\" class=\"yoast-schema-graph\">{\"@context\":\"https:\/\/schema.org\",\"@graph\":[{\"@type\":\"WebPage\",\"@id\":\"https:\/\/lomasaltas.edu.mx\/primary\/\",\"url\":\"https:\/\/lomasaltas.edu.mx\/primary\/\",\"name\":\"Primary - Escuela Lomas Altas\",\"isPartOf\":{\"@id\":\"https:\/\/lomasaltas.edu.mx\/#website\"},\"datePublished\":\"2020-07-01T18:03:00+00:00\",\"dateModified\":\"2022-12-12T16:11:45+00:00\",\"breadcrumb\":{\"@id\":\"https:\/\/lomasaltas.edu.mx\/primary\/#breadcrumb\"},\"inLanguage\":\"es\",\"potentialAction\":[{\"@type\":\"ReadAction\",\"target\":[\"https:\/\/lomasaltas.edu.mx\/primary\/\"]}]},{\"@type\":\"BreadcrumbList\",\"@id\":\"https:\/\/lomasaltas.edu.mx\/primary\/#breadcrumb\",\"itemListElement\":[{\"@type\":\"ListItem\",\"position\":1,\"name\":\"Home\",\"item\":\"https:\/\/lomasaltas.edu.mx\/\"},{\"@type\":\"ListItem\",\"position\":2,\"name\":\"Primary\"}]},{\"@type\":\"WebSite\",\"@id\":\"https:\/\/lomasaltas.edu.mx\/#website\",\"url\":\"https:\/\/lomasaltas.edu.mx\/\",\"name\":\"Escuela Lomas Altas\",\"description\":\"Love for learning\",\"publisher\":{\"@id\":\"https:\/\/lomasaltas.edu.mx\/#organization\"},\"potentialAction\":[{\"@type\":\"SearchAction\",\"target\":{\"@type\":\"EntryPoint\",\"urlTemplate\":\"https:\/\/lomasaltas.edu.mx\/?s={search_term_string}\"},\"query-input\":{\"@type\":\"PropertyValueSpecification\",\"valueRequired\":true,\"valueName\":\"search_term_string\"}}],\"inLanguage\":\"es\"},{\"@type\":\"Organization\",\"@id\":\"https:\/\/lomasaltas.edu.mx\/#organization\",\"name\":\"Escuela Lomas Altas\",\"url\":\"https:\/\/lomasaltas.edu.mx\/\",\"logo\":{\"@type\":\"ImageObject\",\"inLanguage\":\"es\",\"@id\":\"https:\/\/lomasaltas.edu.mx\/#\/schema\/logo\/image\/\",\"url\":\"https:\/\/lomasaltas.edu.mx\/wp-content\/uploads\/2020\/07\/logo_ela_5.png\",\"contentUrl\":\"https:\/\/lomasaltas.edu.mx\/wp-content\/uploads\/2020\/07\/logo_ela_5.png\",\"width\":1038,\"height\":348,\"caption\":\"Escuela Lomas Altas\"},\"image\":{\"@id\":\"https:\/\/lomasaltas.edu.mx\/#\/schema\/logo\/image\/\"}}]}<\/script>\n<!-- \/ Yoast SEO plugin. -->","yoast_head_json":{"title":"Primary - Escuela Lomas Altas","robots":{"index":"index","follow":"follow","max-snippet":"max-snippet:-1","max-image-preview":"max-image-preview:large","max-video-preview":"max-video-preview:-1"},"canonical":"https:\/\/lomasaltas.edu.mx\/es\/primary\/","og_locale":"es_ES","og_type":"article","og_title":"Primary - Escuela Lomas Altas","og_description":"PRIMARY Total immersion into English in our Preschool is what sets the stage for true bilingualism for our Spanish speakers. The high number of native English speakers provides a good linguistic model for Spanish speakers learning English. A specialist is available from grades one to four to facilitate transition of our international students into our [&hellip;]","og_url":"https:\/\/lomasaltas.edu.mx\/es\/primary\/","og_site_name":"Escuela Lomas Altas","article_modified_time":"2022-12-12T16:11:45+00:00","twitter_card":"summary_large_image","twitter_misc":{"Tiempo de lectura":"2 minutos"},"schema":{"@context":"https:\/\/schema.org","@graph":[{"@type":"WebPage","@id":"https:\/\/lomasaltas.edu.mx\/primary\/","url":"https:\/\/lomasaltas.edu.mx\/primary\/","name":"Primary - Escuela Lomas Altas","isPartOf":{"@id":"https:\/\/lomasaltas.edu.mx\/#website"},"datePublished":"2020-07-01T18:03:00+00:00","dateModified":"2022-12-12T16:11:45+00:00","breadcrumb":{"@id":"https:\/\/lomasaltas.edu.mx\/primary\/#breadcrumb"},"inLanguage":"es","potentialAction":[{"@type":"ReadAction","target":["https:\/\/lomasaltas.edu.mx\/primary\/"]}]},{"@type":"BreadcrumbList","@id":"https:\/\/lomasaltas.edu.mx\/primary\/#breadcrumb","itemListElement":[{"@type":"ListItem","position":1,"name":"Home","item":"https:\/\/lomasaltas.edu.mx\/"},{"@type":"ListItem","position":2,"name":"Primary"}]},{"@type":"WebSite","@id":"https:\/\/lomasaltas.edu.mx\/#website","url":"https:\/\/lomasaltas.edu.mx\/","name":"Escuela Lomas Altas","description":"Love for learning","publisher":{"@id":"https:\/\/lomasaltas.edu.mx\/#organization"},"potentialAction":[{"@type":"SearchAction","target":{"@type":"EntryPoint","urlTemplate":"https:\/\/lomasaltas.edu.mx\/?s={search_term_string}"},"query-input":{"@type":"PropertyValueSpecification","valueRequired":true,"valueName":"search_term_string"}}],"inLanguage":"es"},{"@type":"Organization","@id":"https:\/\/lomasaltas.edu.mx\/#organization","name":"Escuela Lomas Altas","url":"https:\/\/lomasaltas.edu.mx\/","logo":{"@type":"ImageObject","inLanguage":"es","@id":"https:\/\/lomasaltas.edu.mx\/#\/schema\/logo\/image\/","url":"https:\/\/lomasaltas.edu.mx\/wp-content\/uploads\/2020\/07\/logo_ela_5.png","contentUrl":"https:\/\/lomasaltas.edu.mx\/wp-content\/uploads\/2020\/07\/logo_ela_5.png","width":1038,"height":348,"caption":"Escuela Lomas Altas"},"image":{"@id":"https:\/\/lomasaltas.edu.mx\/#\/schema\/logo\/image\/"}}]}},"_links":{"self":[{"href":"https:\/\/lomasaltas.edu.mx\/es\/wp-json\/wp\/v2\/pages\/163","targetHints":{"allow":["GET"]}}],"collection":[{"href":"https:\/\/lomasaltas.edu.mx\/es\/wp-json\/wp\/v2\/pages"}],"about":[{"href":"https:\/\/lomasaltas.edu.mx\/es\/wp-json\/wp\/v2\/types\/page"}],"author":[{"embeddable":true,"href":"https:\/\/lomasaltas.edu.mx\/es\/wp-json\/wp\/v2\/users\/11"}],"replies":[{"embeddable":true,"href":"https:\/\/lomasaltas.edu.mx\/es\/wp-json\/wp\/v2\/comments?post=163"}],"version-history":[{"count":13,"href":"https:\/\/lomasaltas.edu.mx\/es\/wp-json\/wp\/v2\/pages\/163\/revisions"}],"predecessor-version":[{"id":1056,"href":"https:\/\/lomasaltas.edu.mx\/es\/wp-json\/wp\/v2\/pages\/163\/revisions\/1056"}],"wp:attachment":[{"href":"https:\/\/lomasaltas.edu.mx\/es\/wp-json\/wp\/v2\/media?parent=163"}],"curies":[{"name":"wp","href":"https:\/\/api.w.org\/{rel}","templated":true}]}}